{"id":16281,"date":"2025-05-22T10:09:37","date_gmt":"2025-05-22T13:09:37","guid":{"rendered":"https:\/\/www.sitsesp.org.br\/novo\/?page_id=16281"},"modified":"2025-05-23T16:19:07","modified_gmt":"2025-05-23T19:19:07","slug":"campanha-salarial","status":"publish","type":"page","link":"https:\/\/www.sitsesp.org.br\/novo\/campanha-salarial\/","title":{"rendered":"Campanha Salarial"},"content":{"rendered":"<p><!-- VideographyWP Plugin Message: Automatic video embedding prevented by plugin options. --><br \/>\n<a href=\"https:\/\/www.sitsesp.org.br\/novo\/wp-content\/uploads\/2025\/05\/Ata-da-Assembleia-18janeiro-Completa.docx\">Ata da Assembl\u00e9ia 18janeiro &#8211; Completa<\/a><\/p>\n<p><a href=\"https:\/\/www.sitsesp.org.br\/novo\/wp-content\/uploads\/2025\/05\/Paragrafos_Separados_por_Categoria.docx\">Paragrafos_Separados_por_Categoria<\/a><\/p>\n<a href=\"https:\/\/www.sitsesp.org.br\/novo\/wp-content\/uploads\/2025\/05\/pauta-oficial-23.05.2025.pdf\" class=\"pdfemb-viewer\" style=\"\" data-width=\"max\" data-height=\"max\" data-toolbar=\"bottom\" data-toolbar-fixed=\"off\">pauta oficial 23.05.2025<\/a>\n<a href=\"https:\/\/www.sitsesp.org.br\/novo\/wp-content\/uploads\/2025\/05\/OFICIO-18_2025.pdf\" class=\"pdfemb-viewer\" style=\"\" data-width=\"max\" data-height=\"max\" data-toolbar=\"bottom\" data-toolbar-fixed=\"off\">OFICIO 18_2025<\/a>\n<a href=\"https:\/\/www.sitsesp.org.br\/novo\/wp-content\/uploads\/2025\/05\/OFICIO-19_2025.pdf\" class=\"pdfemb-viewer\" style=\"\" data-width=\"max\" data-height=\"max\" data-toolbar=\"bottom\" data-toolbar-fixed=\"off\">OFICIO 19_2025<\/a>\n<p><a href=\"https:\/\/www.sitsesp.org.br\/novo\/wp-content\/uploads\/2025\/05\/OFICIO-17_2025.pdf\" class=\"pdfemb-viewer\" style=\"\" data-width=\"max\" data-height=\"max\" data-toolbar=\"bottom\" data-toolbar-fixed=\"off\">OFICIO 17_2025<\/a> <a href=\"https:\/\/www.sitsesp.org.br\/novo\/wp-content\/uploads\/2025\/05\/OFICIO-16_2025.pdf\" class=\"pdfemb-viewer\" style=\"\" data-width=\"max\" data-height=\"max\" data-toolbar=\"bottom\" data-toolbar-fixed=\"off\">OFICIO 16_2025<\/a><\/p>\n<a href=\"https:\/\/www.sitsesp.org.br\/novo\/wp-content\/uploads\/2025\/05\/OFICIO-14_2025.pdf\" class=\"pdfemb-viewer\" style=\"\" data-width=\"max\" data-height=\"max\" data-toolbar=\"bottom\" data-toolbar-fixed=\"off\">OFICIO 14_2025<\/a>\n","protected":false},"excerpt":{"rendered":"<p>Ata da Assembl\u00e9ia 18janeiro &#8211; Completa Paragrafos_Separados_por_Categoria<\/p>\n","protected":false},"author":1,"featured_media":0,"parent":0,"menu_order":0,"comment_status":"closed","ping_status":"closed","template":"","meta":{"cybocfi_hide_featured_image":"","footnotes":""},"yoast_head":"<!-- This site is optimized with the Yoast SEO plugin v22.8 - https:\/\/yoast.com\/wordpress\/plugins\/seo\/ -->\n<title>Campanha Salarial - SITSESP<\/title>\n<meta name=\"robots\" content=\"index, follow, max-snippet:-1, max-image-preview:large, max-video-preview:-1\" \/>\n<link rel=\"canonical\" href=\"https:\/\/www.sitsesp.org.br\/novo\/campanha-salarial\/\" \/>\n<meta property=\"og:locale\" content=\"pt_BR\" \/>\n<meta property=\"og:type\" content=\"article\" \/>\n<meta property=\"og:title\" content=\"Campanha Salarial - SITSESP\" \/>\n<meta property=\"og:description\" content=\"Ata da Assembl\u00e9ia 18janeiro &#8211; Completa Paragrafos_Separados_por_Categoria\" \/>\n<meta property=\"og:url\" content=\"https:\/\/www.sitsesp.org.br\/novo\/campanha-salarial\/\" \/>\n<meta property=\"og:site_name\" content=\"SITSESP\" \/>\n<meta property=\"article:modified_time\" content=\"2025-05-23T19:19:07+00:00\" \/>\n<meta name=\"twitter:card\" content=\"summary_large_image\" \/>\n<meta name=\"twitter:label1\" content=\"Est. tempo de leitura\" \/>\n\t<meta name=\"twitter:data1\" content=\"1 minuto\" \/>\n<script type=\"application\/ld+json\" class=\"yoast-schema-graph\">{\"@context\":\"https:\/\/schema.org\",\"@graph\":[{\"@type\":\"WebPage\",\"@id\":\"https:\/\/www.sitsesp.org.br\/novo\/campanha-salarial\/\",\"url\":\"https:\/\/www.sitsesp.org.br\/novo\/campanha-salarial\/\",\"name\":\"Campanha Salarial - SITSESP\",\"isPartOf\":{\"@id\":\"https:\/\/www.sitsesp.org.br\/novo\/#website\"},\"datePublished\":\"2025-05-22T13:09:37+00:00\",\"dateModified\":\"2025-05-23T19:19:07+00:00\",\"breadcrumb\":{\"@id\":\"https:\/\/www.sitsesp.org.br\/novo\/campanha-salarial\/#breadcrumb\"},\"inLanguage\":\"pt-BR\",\"potentialAction\":[{\"@type\":\"ReadAction\",\"target\":[\"https:\/\/www.sitsesp.org.br\/novo\/campanha-salarial\/\"]}]},{\"@type\":\"BreadcrumbList\",\"@id\":\"https:\/\/www.sitsesp.org.br\/novo\/campanha-salarial\/#breadcrumb\",\"itemListElement\":[{\"@type\":\"ListItem\",\"position\":1,\"name\":\"In\u00edcio\",\"item\":\"https:\/\/www.sitsesp.org.br\/novo\/\"},{\"@type\":\"ListItem\",\"position\":2,\"name\":\"Campanha Salarial\"}]},{\"@type\":\"WebSite\",\"@id\":\"https:\/\/www.sitsesp.org.br\/novo\/#website\",\"url\":\"https:\/\/www.sitsesp.org.br\/novo\/\",\"name\":\"Sitsesp\",\"description\":\"SIndicato da Socioeduca\u00e7\u00e3o do Estado de S\u00e3o Paulo\",\"publisher\":{\"@id\":\"https:\/\/www.sitsesp.org.br\/novo\/#organization\"},\"potentialAction\":[{\"@type\":\"SearchAction\",\"target\":{\"@type\":\"EntryPoint\",\"urlTemplate\":\"https:\/\/www.sitsesp.org.br\/novo\/?s={search_term_string}\"},\"query-input\":\"required name=search_term_string\"}],\"inLanguage\":\"pt-BR\"},{\"@type\":\"Organization\",\"@id\":\"https:\/\/www.sitsesp.org.br\/novo\/#organization\",\"name\":\"Sitsesp\",\"url\":\"https:\/\/www.sitsesp.org.br\/novo\/\",\"logo\":{\"@type\":\"ImageObject\",\"inLanguage\":\"pt-BR\",\"@id\":\"https:\/\/www.sitsesp.org.br\/novo\/#\/schema\/logo\/image\/\",\"url\":\"https:\/\/www.sitsesp.org.br\/novo\/wp-content\/uploads\/2020\/09\/Design-sem-nome-1.jpg\",\"contentUrl\":\"https:\/\/www.sitsesp.org.br\/novo\/wp-content\/uploads\/2020\/09\/Design-sem-nome-1.jpg\",\"width\":300,\"height\":300,\"caption\":\"Sitsesp\"},\"image\":{\"@id\":\"https:\/\/www.sitsesp.org.br\/novo\/#\/schema\/logo\/image\/\"}}]}<\/script>\n<!-- \/ Yoast SEO plugin. -->","yoast_head_json":{"title":"Campanha Salarial - SITSESP","robots":{"index":"index","follow":"follow","max-snippet":"max-snippet:-1","max-image-preview":"max-image-preview:large","max-video-preview":"max-video-preview:-1"},"canonical":"https:\/\/www.sitsesp.org.br\/novo\/campanha-salarial\/","og_locale":"pt_BR","og_type":"article","og_title":"Campanha Salarial - SITSESP","og_description":"Ata da Assembl\u00e9ia 18janeiro &#8211; Completa Paragrafos_Separados_por_Categoria","og_url":"https:\/\/www.sitsesp.org.br\/novo\/campanha-salarial\/","og_site_name":"SITSESP","article_modified_time":"2025-05-23T19:19:07+00:00","twitter_card":"summary_large_image","twitter_misc":{"Est. tempo de leitura":"1 minuto"},"schema":{"@context":"https:\/\/schema.org","@graph":[{"@type":"WebPage","@id":"https:\/\/www.sitsesp.org.br\/novo\/campanha-salarial\/","url":"https:\/\/www.sitsesp.org.br\/novo\/campanha-salarial\/","name":"Campanha Salarial - SITSESP","isPartOf":{"@id":"https:\/\/www.sitsesp.org.br\/novo\/#website"},"datePublished":"2025-05-22T13:09:37+00:00","dateModified":"2025-05-23T19:19:07+00:00","breadcrumb":{"@id":"https:\/\/www.sitsesp.org.br\/novo\/campanha-salarial\/#breadcrumb"},"inLanguage":"pt-BR","potentialAction":[{"@type":"ReadAction","target":["https:\/\/www.sitsesp.org.br\/novo\/campanha-salarial\/"]}]},{"@type":"BreadcrumbList","@id":"https:\/\/www.sitsesp.org.br\/novo\/campanha-salarial\/#breadcrumb","itemListElement":[{"@type":"ListItem","position":1,"name":"In\u00edcio","item":"https:\/\/www.sitsesp.org.br\/novo\/"},{"@type":"ListItem","position":2,"name":"Campanha Salarial"}]},{"@type":"WebSite","@id":"https:\/\/www.sitsesp.org.br\/novo\/#website","url":"https:\/\/www.sitsesp.org.br\/novo\/","name":"Sitsesp","description":"SIndicato da Socioeduca\u00e7\u00e3o do Estado de S\u00e3o Paulo","publisher":{"@id":"https:\/\/www.sitsesp.org.br\/novo\/#organization"},"potentialAction":[{"@type":"SearchAction","target":{"@type":"EntryPoint","urlTemplate":"https:\/\/www.sitsesp.org.br\/novo\/?s={search_term_string}"},"query-input":"required name=search_term_string"}],"inLanguage":"pt-BR"},{"@type":"Organization","@id":"https:\/\/www.sitsesp.org.br\/novo\/#organization","name":"Sitsesp","url":"https:\/\/www.sitsesp.org.br\/novo\/","logo":{"@type":"ImageObject","inLanguage":"pt-BR","@id":"https:\/\/www.sitsesp.org.br\/novo\/#\/schema\/logo\/image\/","url":"https:\/\/www.sitsesp.org.br\/novo\/wp-content\/uploads\/2020\/09\/Design-sem-nome-1.jpg","contentUrl":"https:\/\/www.sitsesp.org.br\/novo\/wp-content\/uploads\/2020\/09\/Design-sem-nome-1.jpg","width":300,"height":300,"caption":"Sitsesp"},"image":{"@id":"https:\/\/www.sitsesp.org.br\/novo\/#\/schema\/logo\/image\/"}}]}},"_links":{"self":[{"href":"https:\/\/www.sitsesp.org.br\/novo\/wp-json\/wp\/v2\/pages\/16281"}],"collection":[{"href":"https:\/\/www.sitsesp.org.br\/novo\/wp-json\/wp\/v2\/pages"}],"about":[{"href":"https:\/\/www.sitsesp.org.br\/novo\/wp-json\/wp\/v2\/types\/page"}],"author":[{"embeddable":true,"href":"https:\/\/www.sitsesp.org.br\/novo\/wp-json\/wp\/v2\/users\/1"}],"replies":[{"embeddable":true,"href":"https:\/\/www.sitsesp.org.br\/novo\/wp-json\/wp\/v2\/comments?post=16281"}],"version-history":[{"count":6,"href":"https:\/\/www.sitsesp.org.br\/novo\/wp-json\/wp\/v2\/pages\/16281\/revisions"}],"predecessor-version":[{"id":16303,"href":"https:\/\/www.sitsesp.org.br\/novo\/wp-json\/wp\/v2\/pages\/16281\/revisions\/16303"}],"wp:attachment":[{"href":"https:\/\/www.sitsesp.org.br\/novo\/wp-json\/wp\/v2\/media?parent=16281"}],"curies":[{"name":"wp","href":"https:\/\/api.w.org\/{rel}","templated":true}]}}