{"id":16523,"date":"2025-08-17T14:13:58","date_gmt":"2025-08-17T17:13:58","guid":{"rendered":"https:\/\/www.sitsesp.org.br\/novo\/?page_id=16523"},"modified":"2025-08-17T14:13:58","modified_gmt":"2025-08-17T17:13:58","slug":"sitsesp-discute-com-fundacao-casa-plano-de-acao-para-fortalecer-a-seguranca-nos-centros-socioeducativos","status":"publish","type":"page","link":"https:\/\/www.sitsesp.org.br\/novo\/sitsesp-discute-com-fundacao-casa-plano-de-acao-para-fortalecer-a-seguranca-nos-centros-socioeducativos\/","title":{"rendered":"SITSESP discute com Funda\u00e7\u00e3o CASA plano de a\u00e7\u00e3o para fortalecer a seguran\u00e7a nos centros socioeducativos"},"content":{"rendered":"<p><!-- VideographyWP Plugin Message: Automatic video embedding prevented by plugin options. --><\/p>\n<p style=\"text-align: justify;\">Como parte das negocia\u00e7\u00f5es entre a Funda\u00e7\u00e3o CASA e os servidores\/as, foi realizada uma reuni\u00e3o espec\u00edfica sobre o tema da Seguran\u00e7a, voltada \u00e0 discuss\u00e3o de estrat\u00e9gias para aprimorar as condi\u00e7\u00f5es de seguran\u00e7a nos centros socioeducativos.<\/p>\n<p style=\"text-align: justify;\">O encontro teve como foco o planejamento de a\u00e7\u00f5es voltadas \u00e0 preven\u00e7\u00e3o de riscos, capacita\u00e7\u00e3o de servidores e ado\u00e7\u00e3o de protocolos mais eficazes de atua\u00e7\u00e3o.<\/p>\n<p style=\"text-align: justify;\">A reuni\u00e3o contou com a presen\u00e7a de representantes do SITSESP e da diretoria da Funda\u00e7\u00e3o CASA. Pelo sindicato, participaram o Presidente Neemias, os diretores Edson Brito, Waldir e Luiz Vagner e o advogado Ronaldo Pagotto, que atua nas a\u00e7\u00f5es coletivas, Pedro Camilo, representando os servidores. Pela Funda\u00e7\u00e3o CASA, estiveram presentes a chefe de gabinete, Raelen Bego, representantes do DEGAR, Ronaldo e J\u00fanior, o supervisor de seguran\u00e7a Denis e a corregedora Ruth.<\/p>\n<p style=\"text-align: justify;\">Durante a reuni\u00e3o, o representante da Funda\u00e7\u00e3o, senhor J\u00fanior, apresentou o plano de a\u00e7\u00e3o para a \u00e1rea de seguran\u00e7a. Entre os objetivos, est\u00e3o a qualifica\u00e7\u00e3o da atua\u00e7\u00e3o dos servidores nos centros socioeducativos e a redu\u00e7\u00e3o dos \u00edndices de ocorr\u00eancia por meio de treinamentos t\u00e9cnicos e operacionais. As forma\u00e7\u00f5es contar\u00e3o com a parceria da CADEPOL, respons\u00e1vel por ministrar cursos para gestores e servidores em diferentes regi\u00f5es do Estado.<\/p>\n<p style=\"text-align: justify;\">O cronograma come\u00e7ou em maio de 2025, com capacita\u00e7\u00f5es j\u00e1 em andamento para profissionais da superintend\u00eancia. A partir de setembro de 2025, os treinamentos ser\u00e3o ampliados para gestores e servidores das unidades regionais, com foco em centros que atendem adolescentes multirreincidentes, centros femininos e de semiliberdade. O resultado esperado \u00e9 a melhoria do clima organizacional e da comunica\u00e7\u00e3o entre servidores e gestores.<\/p>\n<p style=\"text-align: justify;\">Tamb\u00e9m foram discutidos protocolos de conting\u00eancia, t\u00e9cnicas de conten\u00e7\u00e3o e condu\u00e7\u00e3o de adolescentes em sa\u00eddas externas, uso de Equipamentos de Prote\u00e7\u00e3o Individual (EPI), Equipamentos de Prote\u00e7\u00e3o Coletiva (EPC) e de Seguran\u00e7a (EPS). Outro ponto abordado foi a atualiza\u00e7\u00e3o de crach\u00e1s institucionais, al\u00e9m de medidas para conter a presen\u00e7a de adolescentes com motocicletas e uso de fogos de artif\u00edcio nas unidades, em parceria com a seguran\u00e7a p\u00fablica regional.<\/p>\n<p style=\"text-align: justify;\">Ao final da reuni\u00e3o, o SITSESP reiterou que busca o cumprimento completo da A\u00e7\u00e3o Civil P\u00fablica 0000159\/2012, atualmente sob a condu\u00e7\u00e3o da Ju\u00edza da Vara 65 do F\u00f3rum Trabalhista da Barra Funda\u2013SP.<\/p>\n<p>Leia mais sobre ACP:\u00a0<a href=\"https:\/\/www.sitsesp.org.br\/novo\/manifestacao-do-mpt-reforca-pedido-do-sindicato-por-cumprimento-da-decisao-judicial\/\"> https:\/\/www.sitsesp.org.br\/novo\/manifestacao-do-mpt-reforca-pedido-do-sindicato-por-cumprimento-da-decisao-judicial\/<\/a><\/p>\n","protected":false},"excerpt":{"rendered":"<p>Como parte das negocia\u00e7\u00f5es entre a Funda\u00e7\u00e3o CASA e os servidores\/as, foi realizada uma reuni\u00e3o espec\u00edfica sobre o tema da Seguran\u00e7a,&hellip;<\/p>\n","protected":false},"author":1,"featured_media":16524,"parent":0,"menu_order":0,"comment_status":"closed","ping_status":"closed","template":"","meta":{"cybocfi_hide_featured_image":"","footnotes":""},"yoast_head":"<!-- This site is optimized with the Yoast SEO plugin v22.8 - https:\/\/yoast.com\/wordpress\/plugins\/seo\/ -->\n<title>SITSESP discute com Funda\u00e7\u00e3o CASA plano de a\u00e7\u00e3o para fortalecer a seguran\u00e7a nos centros socioeducativos - SITSESP<\/title>\n<meta name=\"robots\" content=\"index, follow, max-snippet:-1, max-image-preview:large, max-video-preview:-1\" \/>\n<link rel=\"canonical\" href=\"https:\/\/www.sitsesp.org.br\/novo\/sitsesp-discute-com-fundacao-casa-plano-de-acao-para-fortalecer-a-seguranca-nos-centros-socioeducativos\/\" \/>\n<meta property=\"og:locale\" content=\"pt_BR\" \/>\n<meta property=\"og:type\" content=\"article\" \/>\n<meta property=\"og:title\" content=\"SITSESP discute com Funda\u00e7\u00e3o CASA plano de a\u00e7\u00e3o para fortalecer a seguran\u00e7a nos centros socioeducativos - SITSESP\" \/>\n<meta property=\"og:description\" content=\"Como parte das negocia\u00e7\u00f5es entre a Funda\u00e7\u00e3o CASA e os servidores\/as, foi realizada uma reuni\u00e3o espec\u00edfica sobre o tema da Seguran\u00e7a,&hellip;\" \/>\n<meta property=\"og:url\" content=\"https:\/\/www.sitsesp.org.br\/novo\/sitsesp-discute-com-fundacao-casa-plano-de-acao-para-fortalecer-a-seguranca-nos-centros-socioeducativos\/\" \/>\n<meta property=\"og:site_name\" content=\"SITSESP\" \/>\n<meta property=\"og:image\" content=\"https:\/\/www.sitsesp.org.br\/novo\/wp-content\/uploads\/2025\/08\/WhatsApp-Image-2025-08-15-at-11.03.21.jpeg\" \/>\n\t<meta property=\"og:image:width\" content=\"1600\" \/>\n\t<meta property=\"og:image:height\" content=\"1204\" \/>\n\t<meta property=\"og:image:type\" content=\"image\/jpeg\" \/>\n<meta name=\"twitter:card\" content=\"summary_large_image\" \/>\n<meta name=\"twitter:label1\" content=\"Est. tempo de leitura\" \/>\n\t<meta name=\"twitter:data1\" content=\"3 minutos\" \/>\n<script type=\"application\/ld+json\" class=\"yoast-schema-graph\">{\"@context\":\"https:\/\/schema.org\",\"@graph\":[{\"@type\":\"WebPage\",\"@id\":\"https:\/\/www.sitsesp.org.br\/novo\/sitsesp-discute-com-fundacao-casa-plano-de-acao-para-fortalecer-a-seguranca-nos-centros-socioeducativos\/\",\"url\":\"https:\/\/www.sitsesp.org.br\/novo\/sitsesp-discute-com-fundacao-casa-plano-de-acao-para-fortalecer-a-seguranca-nos-centros-socioeducativos\/\",\"name\":\"SITSESP discute com Funda\u00e7\u00e3o CASA plano de a\u00e7\u00e3o para fortalecer a seguran\u00e7a nos centros socioeducativos - SITSESP\",\"isPartOf\":{\"@id\":\"https:\/\/www.sitsesp.org.br\/novo\/#website\"},\"primaryImageOfPage\":{\"@id\":\"https:\/\/www.sitsesp.org.br\/novo\/sitsesp-discute-com-fundacao-casa-plano-de-acao-para-fortalecer-a-seguranca-nos-centros-socioeducativos\/#primaryimage\"},\"image\":{\"@id\":\"https:\/\/www.sitsesp.org.br\/novo\/sitsesp-discute-com-fundacao-casa-plano-de-acao-para-fortalecer-a-seguranca-nos-centros-socioeducativos\/#primaryimage\"},\"thumbnailUrl\":\"https:\/\/www.sitsesp.org.br\/novo\/wp-content\/uploads\/2025\/08\/WhatsApp-Image-2025-08-15-at-11.03.21.jpeg\",\"datePublished\":\"2025-08-17T17:13:58+00:00\",\"dateModified\":\"2025-08-17T17:13:58+00:00\",\"breadcrumb\":{\"@id\":\"https:\/\/www.sitsesp.org.br\/novo\/sitsesp-discute-com-fundacao-casa-plano-de-acao-para-fortalecer-a-seguranca-nos-centros-socioeducativos\/#breadcrumb\"},\"inLanguage\":\"pt-BR\",\"potentialAction\":[{\"@type\":\"ReadAction\",\"target\":[\"https:\/\/www.sitsesp.org.br\/novo\/sitsesp-discute-com-fundacao-casa-plano-de-acao-para-fortalecer-a-seguranca-nos-centros-socioeducativos\/\"]}]},{\"@type\":\"ImageObject\",\"inLanguage\":\"pt-BR\",\"@id\":\"https:\/\/www.sitsesp.org.br\/novo\/sitsesp-discute-com-fundacao-casa-plano-de-acao-para-fortalecer-a-seguranca-nos-centros-socioeducativos\/#primaryimage\",\"url\":\"https:\/\/www.sitsesp.org.br\/novo\/wp-content\/uploads\/2025\/08\/WhatsApp-Image-2025-08-15-at-11.03.21.jpeg\",\"contentUrl\":\"https:\/\/www.sitsesp.org.br\/novo\/wp-content\/uploads\/2025\/08\/WhatsApp-Image-2025-08-15-at-11.03.21.jpeg\",\"width\":1600,\"height\":1204},{\"@type\":\"BreadcrumbList\",\"@id\":\"https:\/\/www.sitsesp.org.br\/novo\/sitsesp-discute-com-fundacao-casa-plano-de-acao-para-fortalecer-a-seguranca-nos-centros-socioeducativos\/#breadcrumb\",\"itemListElement\":[{\"@type\":\"ListItem\",\"position\":1,\"name\":\"In\u00edcio\",\"item\":\"https:\/\/www.sitsesp.org.br\/novo\/\"},{\"@type\":\"ListItem\",\"position\":2,\"name\":\"SITSESP discute com Funda\u00e7\u00e3o CASA plano de a\u00e7\u00e3o para fortalecer a seguran\u00e7a nos centros socioeducativos\"}]},{\"@type\":\"WebSite\",\"@id\":\"https:\/\/www.sitsesp.org.br\/novo\/#website\",\"url\":\"https:\/\/www.sitsesp.org.br\/novo\/\",\"name\":\"Sitsesp\",\"description\":\"SIndicato da Socioeduca\u00e7\u00e3o do Estado de S\u00e3o Paulo\",\"publisher\":{\"@id\":\"https:\/\/www.sitsesp.org.br\/novo\/#organization\"},\"potentialAction\":[{\"@type\":\"SearchAction\",\"target\":{\"@type\":\"EntryPoint\",\"urlTemplate\":\"https:\/\/www.sitsesp.org.br\/novo\/?s={search_term_string}\"},\"query-input\":\"required name=search_term_string\"}],\"inLanguage\":\"pt-BR\"},{\"@type\":\"Organization\",\"@id\":\"https:\/\/www.sitsesp.org.br\/novo\/#organization\",\"name\":\"Sitsesp\",\"url\":\"https:\/\/www.sitsesp.org.br\/novo\/\",\"logo\":{\"@type\":\"ImageObject\",\"inLanguage\":\"pt-BR\",\"@id\":\"https:\/\/www.sitsesp.org.br\/novo\/#\/schema\/logo\/image\/\",\"url\":\"https:\/\/www.sitsesp.org.br\/novo\/wp-content\/uploads\/2020\/09\/Design-sem-nome-1.jpg\",\"contentUrl\":\"https:\/\/www.sitsesp.org.br\/novo\/wp-content\/uploads\/2020\/09\/Design-sem-nome-1.jpg\",\"width\":300,\"height\":300,\"caption\":\"Sitsesp\"},\"image\":{\"@id\":\"https:\/\/www.sitsesp.org.br\/novo\/#\/schema\/logo\/image\/\"}}]}<\/script>\n<!-- \/ Yoast SEO plugin. -->","yoast_head_json":{"title":"SITSESP discute com Funda\u00e7\u00e3o CASA plano de a\u00e7\u00e3o para fortalecer a seguran\u00e7a nos centros socioeducativos - SITSESP","robots":{"index":"index","follow":"follow","max-snippet":"max-snippet:-1","max-image-preview":"max-image-preview:large","max-video-preview":"max-video-preview:-1"},"canonical":"https:\/\/www.sitsesp.org.br\/novo\/sitsesp-discute-com-fundacao-casa-plano-de-acao-para-fortalecer-a-seguranca-nos-centros-socioeducativos\/","og_locale":"pt_BR","og_type":"article","og_title":"SITSESP discute com Funda\u00e7\u00e3o CASA plano de a\u00e7\u00e3o para fortalecer a seguran\u00e7a nos centros socioeducativos - SITSESP","og_description":"Como parte das negocia\u00e7\u00f5es entre a Funda\u00e7\u00e3o CASA e os servidores\/as, foi realizada uma reuni\u00e3o espec\u00edfica sobre o tema da Seguran\u00e7a,&hellip;","og_url":"https:\/\/www.sitsesp.org.br\/novo\/sitsesp-discute-com-fundacao-casa-plano-de-acao-para-fortalecer-a-seguranca-nos-centros-socioeducativos\/","og_site_name":"SITSESP","og_image":[{"width":1600,"height":1204,"url":"https:\/\/www.sitsesp.org.br\/novo\/wp-content\/uploads\/2025\/08\/WhatsApp-Image-2025-08-15-at-11.03.21.jpeg","type":"image\/jpeg"}],"twitter_card":"summary_large_image","twitter_misc":{"Est. tempo de leitura":"3 minutos"},"schema":{"@context":"https:\/\/schema.org","@graph":[{"@type":"WebPage","@id":"https:\/\/www.sitsesp.org.br\/novo\/sitsesp-discute-com-fundacao-casa-plano-de-acao-para-fortalecer-a-seguranca-nos-centros-socioeducativos\/","url":"https:\/\/www.sitsesp.org.br\/novo\/sitsesp-discute-com-fundacao-casa-plano-de-acao-para-fortalecer-a-seguranca-nos-centros-socioeducativos\/","name":"SITSESP discute com Funda\u00e7\u00e3o CASA plano de a\u00e7\u00e3o para fortalecer a seguran\u00e7a nos centros socioeducativos - SITSESP","isPartOf":{"@id":"https:\/\/www.sitsesp.org.br\/novo\/#website"},"primaryImageOfPage":{"@id":"https:\/\/www.sitsesp.org.br\/novo\/sitsesp-discute-com-fundacao-casa-plano-de-acao-para-fortalecer-a-seguranca-nos-centros-socioeducativos\/#primaryimage"},"image":{"@id":"https:\/\/www.sitsesp.org.br\/novo\/sitsesp-discute-com-fundacao-casa-plano-de-acao-para-fortalecer-a-seguranca-nos-centros-socioeducativos\/#primaryimage"},"thumbnailUrl":"https:\/\/www.sitsesp.org.br\/novo\/wp-content\/uploads\/2025\/08\/WhatsApp-Image-2025-08-15-at-11.03.21.jpeg","datePublished":"2025-08-17T17:13:58+00:00","dateModified":"2025-08-17T17:13:58+00:00","breadcrumb":{"@id":"https:\/\/www.sitsesp.org.br\/novo\/sitsesp-discute-com-fundacao-casa-plano-de-acao-para-fortalecer-a-seguranca-nos-centros-socioeducativos\/#breadcrumb"},"inLanguage":"pt-BR","potentialAction":[{"@type":"ReadAction","target":["https:\/\/www.sitsesp.org.br\/novo\/sitsesp-discute-com-fundacao-casa-plano-de-acao-para-fortalecer-a-seguranca-nos-centros-socioeducativos\/"]}]},{"@type":"ImageObject","inLanguage":"pt-BR","@id":"https:\/\/www.sitsesp.org.br\/novo\/sitsesp-discute-com-fundacao-casa-plano-de-acao-para-fortalecer-a-seguranca-nos-centros-socioeducativos\/#primaryimage","url":"https:\/\/www.sitsesp.org.br\/novo\/wp-content\/uploads\/2025\/08\/WhatsApp-Image-2025-08-15-at-11.03.21.jpeg","contentUrl":"https:\/\/www.sitsesp.org.br\/novo\/wp-content\/uploads\/2025\/08\/WhatsApp-Image-2025-08-15-at-11.03.21.jpeg","width":1600,"height":1204},{"@type":"BreadcrumbList","@id":"https:\/\/www.sitsesp.org.br\/novo\/sitsesp-discute-com-fundacao-casa-plano-de-acao-para-fortalecer-a-seguranca-nos-centros-socioeducativos\/#breadcrumb","itemListElement":[{"@type":"ListItem","position":1,"name":"In\u00edcio","item":"https:\/\/www.sitsesp.org.br\/novo\/"},{"@type":"ListItem","position":2,"name":"SITSESP discute com Funda\u00e7\u00e3o CASA plano de a\u00e7\u00e3o para fortalecer a seguran\u00e7a nos centros socioeducativos"}]},{"@type":"WebSite","@id":"https:\/\/www.sitsesp.org.br\/novo\/#website","url":"https:\/\/www.sitsesp.org.br\/novo\/","name":"Sitsesp","description":"SIndicato da Socioeduca\u00e7\u00e3o do Estado de S\u00e3o Paulo","publisher":{"@id":"https:\/\/www.sitsesp.org.br\/novo\/#organization"},"potentialAction":[{"@type":"SearchAction","target":{"@type":"EntryPoint","urlTemplate":"https:\/\/www.sitsesp.org.br\/novo\/?s={search_term_string}"},"query-input":"required name=search_term_string"}],"inLanguage":"pt-BR"},{"@type":"Organization","@id":"https:\/\/www.sitsesp.org.br\/novo\/#organization","name":"Sitsesp","url":"https:\/\/www.sitsesp.org.br\/novo\/","logo":{"@type":"ImageObject","inLanguage":"pt-BR","@id":"https:\/\/www.sitsesp.org.br\/novo\/#\/schema\/logo\/image\/","url":"https:\/\/www.sitsesp.org.br\/novo\/wp-content\/uploads\/2020\/09\/Design-sem-nome-1.jpg","contentUrl":"https:\/\/www.sitsesp.org.br\/novo\/wp-content\/uploads\/2020\/09\/Design-sem-nome-1.jpg","width":300,"height":300,"caption":"Sitsesp"},"image":{"@id":"https:\/\/www.sitsesp.org.br\/novo\/#\/schema\/logo\/image\/"}}]}},"_links":{"self":[{"href":"https:\/\/www.sitsesp.org.br\/novo\/wp-json\/wp\/v2\/pages\/16523"}],"collection":[{"href":"https:\/\/www.sitsesp.org.br\/novo\/wp-json\/wp\/v2\/pages"}],"about":[{"href":"https:\/\/www.sitsesp.org.br\/novo\/wp-json\/wp\/v2\/types\/page"}],"author":[{"embeddable":true,"href":"https:\/\/www.sitsesp.org.br\/novo\/wp-json\/wp\/v2\/users\/1"}],"replies":[{"embeddable":true,"href":"https:\/\/www.sitsesp.org.br\/novo\/wp-json\/wp\/v2\/comments?post=16523"}],"version-history":[{"count":2,"href":"https:\/\/www.sitsesp.org.br\/novo\/wp-json\/wp\/v2\/pages\/16523\/revisions"}],"predecessor-version":[{"id":16526,"href":"https:\/\/www.sitsesp.org.br\/novo\/wp-json\/wp\/v2\/pages\/16523\/revisions\/16526"}],"wp:featuredmedia":[{"embeddable":true,"href":"https:\/\/www.sitsesp.org.br\/novo\/wp-json\/wp\/v2\/media\/16524"}],"wp:attachment":[{"href":"https:\/\/www.sitsesp.org.br\/novo\/wp-json\/wp\/v2\/media?parent=16523"}],"curies":[{"name":"wp","href":"https:\/\/api.w.org\/{rel}","templated":true}]}}